{"id":724,"date":"2025-03-19T12:59:03","date_gmt":"2025-03-19T11:59:03","guid":{"rendered":"https:\/\/hebamme-jessica-wolf.de\/wordpress\/?page_id=724"},"modified":"2025-03-19T13:12:13","modified_gmt":"2025-03-19T12:12:13","slug":"meinepraxis","status":"publish","type":"page","link":"https:\/\/hebamme-jessica-wolf.de\/wordpress\/meinepraxis\/","title":{"rendered":"Meine Praxis"},"content":{"rendered":"<p>[et_pb_section fb_built=&#8220;1&#8243; _builder_version=&#8220;4.16&#8243; _module_preset=&#8220;default&#8220; custom_padding=&#8220;2px||25px|||&#8220; global_colors_info=&#8220;{}&#8220;][et_pb_row _builder_version=&#8220;4.16&#8243; _module_preset=&#8220;default&#8220; custom_margin=&#8220;|auto|-38px|auto||&#8220; custom_padding=&#8220;||2px|||&#8220; global_colors_info=&#8220;{}&#8220;][et_pb_column type=&#8220;4_4&#8243; _builder_version=&#8220;4.16&#8243; _module_preset=&#8220;default&#8220; global_colors_info=&#8220;{}&#8220;][et_pb_divider divider_style=&#8220;dashed&#8220; _builder_version=&#8220;4.16&#8243; _module_preset=&#8220;default&#8220; border_color_all=&#8220;#B50067&#8243; global_colors_info=&#8220;{}&#8220;][\/et_pb_divider][\/et_pb_column][\/et_pb_row][et_pb_row _builder_version=&#8220;4.16&#8243; _module_preset=&#8220;default&#8220; custom_margin=&#8220;|auto|-50px|auto||&#8220; global_colors_info=&#8220;{}&#8220;][et_pb_column type=&#8220;4_4&#8243; _builder_version=&#8220;4.16&#8243; _module_preset=&#8220;default&#8220; global_colors_info=&#8220;{}&#8220;][et_pb_text _builder_version=&#8220;4.19.5&#8243; _module_preset=&#8220;default&#8220; header_font=&#8220;Sacramento||||||||&#8220; header_text_align=&#8220;center&#8220; header_text_color=&#8220;#b50067&#8243; header_font_size=&#8220;48px&#8220; animation_style=&#8220;fade&#8220; global_colors_info=&#8220;{}&#8220;]<\/p>\n<h1>Meine Praxis<\/h1>\n<p>&nbsp;<\/p>\n<p>[\/et_pb_text][\/et_pb_column][\/et_pb_row][\/et_pb_section][et_pb_section fb_built=&#8220;1&#8243; _builder_version=&#8220;4.16&#8243; _module_preset=&#8220;default&#8220; custom_padding=&#8220;0px||25px|||&#8220; global_colors_info=&#8220;{}&#8220;][et_pb_row _builder_version=&#8220;4.16&#8243; _module_preset=&#8220;default&#8220; custom_padding=&#8220;||8px|||&#8220; global_colors_info=&#8220;{}&#8220;][et_pb_column type=&#8220;4_4&#8243; _builder_version=&#8220;4.16&#8243; _module_preset=&#8220;default&#8220; global_colors_info=&#8220;{}&#8220;][et_pb_text _builder_version=&#8220;4.27.4&#8243; _module_preset=&#8220;default&#8220; text_font=&#8220;||||||||&#8220; header_font=&#8220;Sacramento||||||||&#8220; header_text_color=&#8220;#b50067&#8243; header_font_size=&#8220;39px&#8220; custom_margin=&#8220;||-41px|-1px||&#8220; global_colors_info=&#8220;{}&#8220;]<\/p>\n<p style=\"text-align: center;\">Alle Umbauma\u00dfnahmen in der Praxis sind nun abgeschlossen und es ist so weit.<\/p>\n<p style=\"text-align: center;\">Ich \u00f6ffne die T\u00fcren meiner Hebammenpraxis &#8222;Bauchgef\u00fchl&#8220;.<\/p>\n<p style=\"text-align: center;\">Meine Freude ist sehr gro\u00df und ich freue mich sehr auf deinen\/euren Besuch zu meiner Er\u00f6ffnungsfeier am<\/p>\n<p style=\"text-align: center;\">\n<p style=\"text-align: center;\">\n<p style=\"text-align: center;\">\n<h1 style=\"text-align: center;\">13.06.2025<\/h1>\n<p>&nbsp;<\/p>\n<p style=\"text-align: center;\">F\u00fcr das leibliche Wohl ist bestens regional gesorgt.<\/p>\n<p>&nbsp;<\/p>\n<p>&nbsp;<\/p>\n<p>&nbsp;<\/p>\n<p>[\/et_pb_text][et_pb_divider divider_style=&#8220;dashed&#8220; _builder_version=&#8220;4.16&#8243; _module_preset=&#8220;default&#8220; global_colors_info=&#8220;{}&#8220;][\/et_pb_divider][\/et_pb_column][\/et_pb_row][et_pb_row _builder_version=&#8220;4.27.4&#8243; _module_preset=&#8220;default&#8220; global_colors_info=&#8220;{}&#8220;][et_pb_column type=&#8220;4_4&#8243; _builder_version=&#8220;4.27.4&#8243; _module_preset=&#8220;default&#8220; global_colors_info=&#8220;{}&#8220;][et_pb_countdown_timer title=&#8220;SAFE THE DATE!&#8220; date_time=&#8220;2025-06-12 23:59&#8243; _builder_version=&#8220;4.27.4&#8243; _module_preset=&#8220;default&#8220; global_colors_info=&#8220;{}&#8220;][\/et_pb_countdown_timer][\/et_pb_column][\/et_pb_row][\/et_pb_section][et_pb_section fb_built=&#8220;1&#8243; _builder_version=&#8220;4.16&#8243; _module_preset=&#8220;default&#8220; custom_padding=&#8220;0px||6px|||&#8220; global_colors_info=&#8220;{}&#8220;][et_pb_row _builder_version=&#8220;4.16&#8243; _module_preset=&#8220;default&#8220; custom_padding=&#8220;3px|||||&#8220; global_colors_info=&#8220;{}&#8220;][et_pb_column type=&#8220;4_4&#8243; _builder_version=&#8220;4.16&#8243; _module_preset=&#8220;default&#8220; global_colors_info=&#8220;{}&#8220;][et_pb_divider divider_style=&#8220;dashed&#8220; _builder_version=&#8220;4.16&#8243; _module_preset=&#8220;default&#8220; global_colors_info=&#8220;{}&#8220;][\/et_pb_divider][\/et_pb_column][\/et_pb_row][\/et_pb_section]<\/p>\n","protected":false},"excerpt":{"rendered":"<p>Meine Praxis &nbsp;Alle Umbauma\u00dfnahmen in der Praxis sind nun abgeschlossen und es ist so weit. Ich \u00f6ffne die T\u00fcren meiner Hebammenpraxis &#8222;Bauchgef\u00fchl&#8220;. Meine Freude ist sehr gro\u00df und ich freue mich sehr auf deinen\/euren Besuch zu meiner Er\u00f6ffnungsfeier am 13.06.2025 &nbsp; F\u00fcr das leibliche Wohl ist bestens regional gesorgt. &nbsp; &nbsp; &nbsp;<\/p>\n","protected":false},"author":1,"featured_media":0,"parent":0,"menu_order":0,"comment_status":"closed","ping_status":"closed","template":"","meta":{"_et_pb_use_builder":"on","_et_pb_old_content":"","_et_gb_content_width":"","footnotes":""},"class_list":["post-724","page","type-page","status-publish","hentry"],"_links":{"self":[{"href":"https:\/\/hebamme-jessica-wolf.de\/wordpress\/wp-json\/wp\/v2\/pages\/724","targetHints":{"allow":["GET"]}}],"collection":[{"href":"https:\/\/hebamme-jessica-wolf.de\/wordpress\/wp-json\/wp\/v2\/pages"}],"about":[{"href":"https:\/\/hebamme-jessica-wolf.de\/wordpress\/wp-json\/wp\/v2\/types\/page"}],"author":[{"embeddable":true,"href":"https:\/\/hebamme-jessica-wolf.de\/wordpress\/wp-json\/wp\/v2\/users\/1"}],"replies":[{"embeddable":true,"href":"https:\/\/hebamme-jessica-wolf.de\/wordpress\/wp-json\/wp\/v2\/comments?post=724"}],"version-history":[{"count":7,"href":"https:\/\/hebamme-jessica-wolf.de\/wordpress\/wp-json\/wp\/v2\/pages\/724\/revisions"}],"predecessor-version":[{"id":740,"href":"https:\/\/hebamme-jessica-wolf.de\/wordpress\/wp-json\/wp\/v2\/pages\/724\/revisions\/740"}],"wp:attachment":[{"href":"https:\/\/hebamme-jessica-wolf.de\/wordpress\/wp-json\/wp\/v2\/media?parent=724"}],"curies":[{"name":"wp","href":"https:\/\/api.w.org\/{rel}","templated":true}]}}