{"id":648,"date":"2025-03-18T20:53:48","date_gmt":"2025-03-18T19:53:48","guid":{"rendered":"https:\/\/hebamme-jessica-wolf.de\/wordpress\/?page_id=648"},"modified":"2025-12-19T19:36:40","modified_gmt":"2025-12-19T18:36:40","slug":"blog","status":"publish","type":"page","link":"https:\/\/hebamme-jessica-wolf.de\/wordpress\/blog\/","title":{"rendered":"Blog"},"content":{"rendered":"<p>[et_pb_section fb_built=&#8220;1&#8243; _builder_version=&#8220;4.16&#8243; _module_preset=&#8220;default&#8220; custom_padding=&#8220;2px||25px|||&#8220; global_colors_info=&#8220;{}&#8220;][et_pb_row _builder_version=&#8220;4.16&#8243; _module_preset=&#8220;default&#8220; custom_margin=&#8220;|auto|-38px|auto||&#8220; custom_padding=&#8220;||2px|||&#8220; global_colors_info=&#8220;{}&#8220;][et_pb_column type=&#8220;4_4&#8243; _builder_version=&#8220;4.16&#8243; _module_preset=&#8220;default&#8220; global_colors_info=&#8220;{}&#8220;][et_pb_divider divider_style=&#8220;dashed&#8220; _builder_version=&#8220;4.16&#8243; _module_preset=&#8220;default&#8220; border_color_all=&#8220;#B50067&#8243; global_colors_info=&#8220;{}&#8220;][\/et_pb_divider][\/et_pb_column][\/et_pb_row][et_pb_row _builder_version=&#8220;4.16&#8243; _module_preset=&#8220;default&#8220; custom_margin=&#8220;|auto|-50px|auto||&#8220; global_colors_info=&#8220;{}&#8220;][et_pb_column type=&#8220;4_4&#8243; _builder_version=&#8220;4.16&#8243; _module_preset=&#8220;default&#8220; global_colors_info=&#8220;{}&#8220;][et_pb_text _builder_version=&#8220;4.27.4&#8243; _module_preset=&#8220;default&#8220; header_font=&#8220;Sacramento||||||||&#8220; header_text_align=&#8220;center&#8220; header_text_color=&#8220;#b50067&#8243; header_font_size=&#8220;48px&#8220; animation_style=&#8220;fade&#8220; global_colors_info=&#8220;{}&#8220;]<\/p>\n<h1>Blog<\/h1>\n<p>[\/et_pb_text][\/et_pb_column][\/et_pb_row][\/et_pb_section][et_pb_section fb_built=&#8220;1&#8243; _builder_version=&#8220;4.16&#8243; _module_preset=&#8220;default&#8220; custom_padding=&#8220;0px||25px|||&#8220; global_colors_info=&#8220;{}&#8220;][et_pb_row _builder_version=&#8220;4.16&#8243; _module_preset=&#8220;default&#8220; custom_padding=&#8220;||8px|||&#8220; global_colors_info=&#8220;{}&#8220;][et_pb_column type=&#8220;4_4&#8243; _builder_version=&#8220;4.16&#8243; _module_preset=&#8220;default&#8220; global_colors_info=&#8220;{}&#8220;][et_pb_text _builder_version=&#8220;4.16&#8243; _module_preset=&#8220;default&#8220; text_font=&#8220;||||||||&#8220; header_font=&#8220;Sacramento||||||||&#8220; header_text_color=&#8220;#b50067&#8243; header_font_size=&#8220;39px&#8220; custom_margin=&#8220;||-41px|-1px||&#8220; global_colors_info=&#8220;{}&#8220;]<\/p>\n<p>\u00a0 \u00a0 \u00a0 \u00a0 \u00a0 \u00a0 \u00a0 \u00a0 \u00a0 \u00a0 \u00a0 \u00a0 \u00a0Auf diesem Blog greife ich immer wieder bestimmte Themen auf und schreibe euch sowohl fachliches als auch meine eigene Meinung dazu.\u00a0<\/p>\n<p>\u00a0 \u00a0 \u00a0 \u00a0 \u00a0 \u00a0 \u00a0 \u00a0 \u00a0 \u00a0 \u00a0 \u00a0 \u00a0 \u00a0 \u00a0 \u00a0 \u00a0 \u00a0 \u00a0 \u00a0 \u00a0 \u00a0 \u00a0 \u00a0 \u00a0 \u00a0 \u00a0 \u00a0 \u00a0 \u00a0 \u00a0 \u00a0 \u00a0 \u00a0 \u00a0Ich schreibe euch immer explizit dazu, ob der Beitrag fakten- oder meinungsbasiert ist.\u00a0<\/p>\n<p>\u00a0 \u00a0 \u00a0 \u00a0 \u00a0 \u00a0 \u00a0 \u00a0 \u00a0 \u00a0 \u00a0 \u00a0 \u00a0 \u00a0 \u00a0 \u00a0 \u00a0 \u00a0 \u00a0 \u00a0 \u00a0 \u00a0 \u00a0 \u00a0 \u00a0 \u00a0 \u00a0 \u00a0 \u00a0 \u00a0 \u00a0 \u00a0 \u00a0 \u00a0 \u00a0 \u00a0 \u00a0 \u00a0 \u00a0 \u00a0 \u00a0 \u00a0 \u00a0 \u00a0 \u00a0 \u00a0 \u00a0 \u00a0 \u00a0 \u00a0 \u00a0 \u00a0 \u00a0 \u00a0 \u00a0 \u00a0 \u00a0 \u00a0 \u00a0 \u00a0 \u00a0 \u00a0 \u00a0 \u00a0 \u00a0Hab Spa\u00df beim Lesen.<\/p>\n<p>&nbsp;<\/p>\n<p>&nbsp;<\/p>\n<p>&nbsp;<\/p>\n<p>[\/et_pb_text][et_pb_divider divider_style=&#8220;dashed&#8220; _builder_version=&#8220;4.16&#8243; _module_preset=&#8220;default&#8220; custom_padding=&#8220;||0px|||&#8220; global_colors_info=&#8220;{}&#8220;][\/et_pb_divider][\/et_pb_column][\/et_pb_row][et_pb_row column_structure=&#8220;2_5,3_5&#8243; _builder_version=&#8220;4.27.4&#8243; _module_preset=&#8220;default&#8220; global_colors_info=&#8220;{}&#8220;][et_pb_column type=&#8220;2_5&#8243; _builder_version=&#8220;4.27.4&#8243; _module_preset=&#8220;default&#8220; global_colors_info=&#8220;{}&#8220;][et_pb_image src=&#8220;data:image\/svg+xml;base64,PHN2ZyB3aWR0aD0iMTA4MCIgaGVpZ2h0PSI1NDAiIHZpZXdCb3g9IjAgMCAxMDgwIDU0MCIgeG1sbnM9Imh0dHA6Ly93d3cudzMub3JnLzIwMDAvc3ZnIj4KICAgIDxnIGZpbGw9Im5vbmUiIGZpbGwtcnVsZT0iZXZlbm9kZCI+CiAgICAgICAgPHBhdGggZmlsbD0iI0VCRUJFQiIgZD0iTTAgMGgxMDgwdjU0MEgweiIvPgogICAgICAgIDxwYXRoIGQ9Ik00NDUuNjQ5IDU0MGgtOTguOTk1TDE0NC42NDkgMzM3Ljk5NSAwIDQ4Mi42NDR2LTk4Ljk5NWwxMTYuMzY1LTExNi4zNjVjMTUuNjItMTUuNjIgNDAuOTQ3LTE1LjYyIDU2LjU2OCAwTDQ0NS42NSA1NDB6IiBmaWxsLW9wYWNpdHk9Ii4xIiBmaWxsPSIjMDAwIiBmaWxsLXJ1bGU9Im5vbnplcm8iLz4KICAgICAgICA8Y2lyY2xlIGZpbGwtb3BhY2l0eT0iLjA1IiBmaWxsPSIjMDAwIiBjeD0iMzMxIiBjeT0iMTQ4IiByPSI3MCIvPgogICAgICAgIDxwYXRoIGQ9Ik0xMDgwIDM3OXYxMTMuMTM3TDcyOC4xNjIgMTQwLjMgMzI4LjQ2MiA1NDBIMjE1LjMyNEw2OTkuODc4IDU1LjQ0NmMxNS42Mi0xNS42MiA0MC45NDgtMTUuNjIgNTYuNTY4IDBMMTA4MCAzNzl6IiBmaWxsLW9wYWNpdHk9Ii4yIiBmaWxsPSIjMDAwIiBmaWxsLXJ1bGU9Im5vbnplcm8iLz4KICAgIDwvZz4KPC9zdmc+Cg==&#8220; _builder_version=&#8220;4.27.4&#8243; _module_preset=&#8220;default&#8220; global_colors_info=&#8220;{}&#8220;][\/et_pb_image][\/et_pb_column][et_pb_column type=&#8220;3_5&#8243; _builder_version=&#8220;4.27.4&#8243; _module_preset=&#8220;default&#8220; global_colors_info=&#8220;{}&#8220;][et_pb_text _builder_version=&#8220;4.27.4&#8243; _module_preset=&#8220;default&#8220; global_colors_info=&#8220;{}&#8220; inline_fonts=&#8220;Sacramento&#8220; custom_padding=&#8220;0px|||||&#8220;]<\/p>\n<h4><span style=\"color: #bc009d;\"><strong><span style=\"font-size: xx-large; font-family: Sacramento;\">Weihnachten<\/span><\/strong><\/span><\/h4>\n<p>Ich wei\u00df nicht, wie es dir geht. Aber f\u00fcr mich ist sowohl die Adventszeit als auch die Weihnachtszeit eine sehr magische Zeit.\u00a0<\/p>\n<p>Als ich selbst ein Kind war, war es eine tristlose Zeit. In unserer Familie war es \u00fcblich, dass am 1. Advent schon der Weihnachtsbaum stand, es wurden keine Pl\u00e4tzchen gebacken, keine Geschichten am Abend gemeinsam auf der Couch erz\u00e4hlt oder vorgelesen. Kein gemeinsames Singen, oder Weihnachtslieder. Am heiligen Abend sind meine Geschwister und ich wie immer sehr fr\u00fch aufgestanden und unsere Geschenke lagen bereits unterm Weihnachtsbaum. Wir packten aus, spielten und dann war alles wie immer. Ein ganz normaler Tag eben. Sp\u00e4testens zwischen den Jahren flog der wieder abgeschm\u00fcckte Tannenbaum zum Fenster raus und das war\u00b4s mit den festlichen Tagen.\u00a0<\/p>\n<p>Fr\u00fch wurde ich selbst Mama einer besonderen Tochter und danach noch von einer weiteren Tochter und von vier S\u00f6hnen. Seit meine Tochter das erste Mal in meinen Armen lag, wollte ich es richtig machen. Was das bedeuten k\u00f6nnte, war mir damals vor \u00fcber 24 Jahren nicht wirklich klar. Heute daf\u00fcr umso mehr.<\/p>\n<p>Die Adventszeit ist bei uns zu Hause mit einem Zauber belegt. Jedes Kind hatte in fr\u00fchen Kindheitsjahren einen eigenen Adventskalender, heute d\u00fcrfen die Kinder das selbst entscheiden, bekommen aber selbstverst\u00e4ndlich alle einen, wenn sie einen w\u00fcnschen.<\/p>\n<p>Wir haben immer gemeinsam unser Haus geschm\u00fcckt, mit Lichterketten, Aufh\u00e4ngern, Strohsternen. Wir haben mit den Kindern gebastelt, gemalt. Wir haben zusammen gesungen und Pl\u00e4tzchen gebacken. Und das machen wir auch heute noch so. Mir pers\u00f6nlich ist es wahnsinnig wichtig, genau wie meinem Mann. Wir brauchen diese Ruhe in der Adventszeit, ein bisschen Entschleunigung in diesem immer so stressigen und vollen Alltag.\u00a0<\/p>\n<p>Als unser Kinder noch klein waren, haben mein Mann und ich am 23. Dezember gemeinsam in der Nacht den Weihnachtsbaum geschm\u00fcckt und alles vorbereitet.\u00a0<\/p>\n<p>Unsere Kinder sind inzwischen gro\u00df, der J\u00fcngste ist in ein paar Wochen schon 14. Nat\u00fcrlich ist das mit dem Glauben an das Christkind etwas in die Ferne ger\u00fcckt. Allerdings gibt es Traditionen, die wir nach wie vor in unsere Adventszeit und in unser Weihnachtsfest einflie\u00dfen lassen.\u00a0<\/p>\n<p>Ein paar Tage vor dem 24. Dezember schm\u00fccken wir gemeinsam den Baum, die Jungs bauen mit Papa gemeinsam die Krippe unterm Weihnachtsbaum auf. Alles wird fertig gemacht.<\/p>\n<p>Am heiligen Abend ist unser Wohnzimmer aber immer noch abgeschlossen. Das Christkind braucht schlie\u00dflich Ruhe zum Arbeiten und vorbereiten. Und es wird nicht gerne gest\u00f6rt&#8230;\u00a0<\/p>\n<p>Wir gehen gemeinsam als Familie in den Gottesdienst. Wir singen und beten gemeinsam.\u00a0<\/p>\n<p>Wenn wir nach Hause kommen, sind alle Lichter im Wohnzimmer an, Musik spielt und die T\u00fcr ist ein wenig ge\u00f6ffnet. Unsere Kinder gehen dann nacheinander ins Wohnzimmer, staunen und niemals werden wir als Eltern diese leuchtenden Kinderaugen vergessen. Es ist f\u00fcr uns als Eltern das Sch\u00f6nste, was wir erleben k\u00f6nnen. Alle Geschenke bleiben dort, wo das Christkind sie aufgestellt hat. An unserem Weihnachtsbaum h\u00e4ngen 8 Schriftrollen, mit Worten vom Christkind an jeden einzelnen von uns. Allerdings stehen keine Namen darauf, jeder nimmt eine Schriftrolle ab und wir sitzen gemeinsam auf unserer Couch und lesen zuerst die Weihnachtsgeschichte. Danach liest jeder die Schriftrolle vor, die er vom Baum genommen hat. Und erst danach werden unsere Geschenke ausgepackt. Es ist ein wildes und buntes Treiben und ich liebe es so sehr&#8230;<\/p>\n<p>Mein Mann und ich bereiten zwischendurch das Abendessen zu. Aus unserer eigenen Tradition heraus essen wir jeden heiligen Abend G\u00e4nsekeule, Rotkraut, Kartoffelkn\u00f6del und Maronensauce. Das Dessert \u00e4ndert sich jedes Jahr auf\u00b4s Neue. In diesem Jahr wird unsere &#8222;kleine&#8220; Tochter das Dessert zubereiten. Klassische Weihnachtsmusik spielt leise im Hintergrund, w\u00e4hrend wir miteinander Sprechen, uns gemeinsam Erfreuen, unsere Geschenke bewundern und damit spielen. Eine weitere Tradition ist es, dass es in jedem Jahr ein neues Familienspiel gibt. Und da unser besonderes Kind es immer am liebsten gleich spielen m\u00f6chte, wird es meist nach dem gemeinsamen Essen gespielt.<\/p>\n<p>Zwischen Abendessen und Dessert singen wir. Oh Tannenbaum, Stille Nacht heilige Nacht, zu Bethlehem geboren, Kling Gl\u00f6ckchen, Alle Jahre wieder, es ist ein Ro\u00df entsprungen, leise rieselt der Schnee&#8230;<\/p>\n<p>&nbsp;<\/p>\n<p>Ich w\u00fcnsche euch allen von Herzen gesegnete Weihnachten, besinnliche und ruhige Feiertage. Lasst eure Herzen sprechen und ihr werdet ein Wunder erleben&#8230;<\/p>\n<p>Du hast auch Traditionen f\u00fcr diese magischen Feiertage? Erz\u00e4hl mir gerne davon.<\/p>\n<p>Deine Jessi \ud83d\udc97<\/p>\n<p>&nbsp;<\/p>\n<p>[\/et_pb_text][\/et_pb_column][\/et_pb_row][et_pb_row _builder_version=&#8220;4.27.4&#8243; _module_preset=&#8220;default&#8220; global_colors_info=&#8220;{}&#8220;][et_pb_column type=&#8220;4_4&#8243; _builder_version=&#8220;4.27.4&#8243; _module_preset=&#8220;default&#8220; global_colors_info=&#8220;{}&#8220;][et_pb_blog meta_date=&#8220;d.m.Y&#8220; show_content=&#8220;on&#8220; show_categories=&#8220;off&#8220; _builder_version=&#8220;4.27.4&#8243; _module_preset=&#8220;default&#8220; header_font=&#8220;Sacramento||||||||&#8220; header_text_color=&#8220;gcid-primary-color&#8220; header_font_size=&#8220;39px&#8220; global_colors_info=&#8220;{%22gcid-primary-color%22:%91%22header_text_color%22%93}&#8220;][\/et_pb_blog][\/et_pb_column][\/et_pb_row][\/et_pb_section][et_pb_section fb_built=&#8220;1&#8243; _builder_version=&#8220;4.16&#8243; _module_preset=&#8220;default&#8220; custom_padding=&#8220;0px||6px|||&#8220; global_colors_info=&#8220;{}&#8220;][et_pb_row _builder_version=&#8220;4.16&#8243; _module_preset=&#8220;default&#8220; custom_padding=&#8220;3px|||||&#8220; global_colors_info=&#8220;{}&#8220;][et_pb_column type=&#8220;4_4&#8243; _builder_version=&#8220;4.16&#8243; _module_preset=&#8220;default&#8220; global_colors_info=&#8220;{}&#8220;][et_pb_divider divider_style=&#8220;dashed&#8220; _builder_version=&#8220;4.16&#8243; _module_preset=&#8220;default&#8220; global_colors_info=&#8220;{}&#8220;][\/et_pb_divider][\/et_pb_column][\/et_pb_row][\/et_pb_section]<\/p>\n","protected":false},"excerpt":{"rendered":"<p>Blog\u00a0 \u00a0 \u00a0 \u00a0 \u00a0 \u00a0 \u00a0 \u00a0 \u00a0 \u00a0 \u00a0 \u00a0 \u00a0Auf diesem Blog greife ich immer wieder bestimmte Themen auf und schreibe euch sowohl fachliches als auch meine eigene Meinung dazu.\u00a0 \u00a0 \u00a0 \u00a0 \u00a0 \u00a0 \u00a0 \u00a0 \u00a0 \u00a0 \u00a0 \u00a0 \u00a0 \u00a0 \u00a0 \u00a0 \u00a0 \u00a0 \u00a0 \u00a0 \u00a0 \u00a0 \u00a0 [&hellip;]<\/p>\n","protected":false},"author":1,"featured_media":0,"parent":0,"menu_order":0,"comment_status":"closed","ping_status":"closed","template":"","meta":{"_et_pb_use_builder":"on","_et_pb_old_content":"[et_pb_section fb_built=\"1\" _builder_version=\"4.16\" _module_preset=\"default\" custom_padding=\"2px||25px|||\" global_colors_info=\"{}\"][et_pb_row _builder_version=\"4.16\" _module_preset=\"default\" custom_margin=\"|auto|-38px|auto||\" custom_padding=\"||2px|||\" global_colors_info=\"{}\"][et_pb_column type=\"4_4\" _builder_version=\"4.16\" _module_preset=\"default\" global_colors_info=\"{}\"][et_pb_divider divider_style=\"dashed\" _builder_version=\"4.16\" _module_preset=\"default\" border_color_all=\"#B50067\" global_colors_info=\"{}\"][\/et_pb_divider][\/et_pb_column][\/et_pb_row][et_pb_row _builder_version=\"4.16\" _module_preset=\"default\" custom_margin=\"|auto|-50px|auto||\" global_colors_info=\"{}\"][et_pb_column type=\"4_4\" _builder_version=\"4.16\" _module_preset=\"default\" global_colors_info=\"{}\"][et_pb_text _builder_version=\"4.19.5\" _module_preset=\"default\" header_font=\"Sacramento||||||||\" header_text_align=\"center\" header_text_color=\"#b50067\" header_font_size=\"48px\" animation_style=\"fade\" global_colors_info=\"{}\"]<h1>Neuigkeiten<\/h1>[\/et_pb_text][\/et_pb_column][\/et_pb_row][\/et_pb_section][et_pb_section fb_built=\"1\" _builder_version=\"4.16\" _module_preset=\"default\" custom_padding=\"0px||25px|||\" global_colors_info=\"{}\"][et_pb_row _builder_version=\"4.16\" _module_preset=\"default\" custom_padding=\"||8px|||\" global_colors_info=\"{}\"][et_pb_column type=\"4_4\" _builder_version=\"4.16\" _module_preset=\"default\" global_colors_info=\"{}\"][et_pb_text _builder_version=\"4.16\" _module_preset=\"default\" text_font=\"||||||||\" header_font=\"Sacramento||||||||\" header_text_color=\"#b50067\" header_font_size=\"39px\" custom_margin=\"||-41px|-1px||\" global_colors_info=\"{}\"]<p>Wichtige Neuigkeiten und Infos findet Ihr ab sofort an dieser Stelle.<\/p>\n<p>&nbsp;<\/p>\n<p>&nbsp;<\/p>\n<p>&nbsp;<\/p>[\/et_pb_text][et_pb_divider divider_style=\"dashed\" _builder_version=\"4.16\" _module_preset=\"default\" global_colors_info=\"{}\"][\/et_pb_divider][\/et_pb_column][\/et_pb_row][et_pb_row column_structure=\"1_3,2_3\" _builder_version=\"4.16\" _module_preset=\"default\" custom_margin=\"-19px|auto|-17px|auto||\" global_colors_info=\"{}\" custom_padding=\"||3px|||\"][et_pb_column type=\"1_3\" _builder_version=\"4.16\" _module_preset=\"default\" global_colors_info=\"{}\"][et_pb_text _builder_version=\"4.27.4\" _module_preset=\"default\" header_font=\"Sacramento||||||||\" header_text_color=\"gcid-primary-color\" header_font_size=\"32px\" hover_enabled=\"0\" global_colors_info=\"{%22gcid-primary-color%22:%91%22header_text_color%22%93}\" sticky_enabled=\"0\" width=\"100%\" header_text_align=\"left\"]<h1>\u00a018.03.2025<\/h1>\n<p>&nbsp;<\/p>[\/et_pb_text][\/et_pb_column][et_pb_column type=\"2_3\" _builder_version=\"4.16\" _module_preset=\"default\" global_colors_info=\"{}\"][et_pb_text _builder_version=\"4.27.4\" _module_preset=\"default\" hover_enabled=\"0\" global_colors_info=\"{}\" header_font=\"Sacramento||||||||\" header_font_size=\"36px\" sticky_enabled=\"0\"]<h1><span style=\"color: #b50067;\">Inbetriebnahme der Kategorie\u00a0 \"Neuigkeiten\"<\/span><\/h1>\n<p>Ich freue mich, Euch ab sofort \u00fcber unsere Neuigkeiten-Kategorie \u00fcber aktuell anliegende Themen zu informieren. Schaut regelm\u00e4\u00dfig vorbei.<\/p>\n<p>Eure Jessica Wolf<\/p>\n<p>&nbsp;<\/p>[\/et_pb_text][\/et_pb_column][\/et_pb_row][et_pb_row _builder_version=\"4.16\" _module_preset=\"default\" custom_padding=\"14px||14px|||\" global_colors_info=\"{}\"][et_pb_column type=\"4_4\" _builder_version=\"4.16\" _module_preset=\"default\" global_colors_info=\"{}\"][et_pb_divider divider_style=\"dashed\" _builder_version=\"4.16\" _module_preset=\"default\" global_colors_info=\"{}\"][\/et_pb_divider][\/et_pb_column][\/et_pb_row][et_pb_row column_structure=\"1_3,2_3\" _builder_version=\"4.16\" _module_preset=\"default\" custom_margin=\"-19px|auto|-17px|auto||\" global_colors_info=\"{}\" custom_padding=\"||3px|||\"][et_pb_column type=\"1_3\" _builder_version=\"4.16\" _module_preset=\"default\" global_colors_info=\"{}\"][et_pb_text _builder_version=\"4.27.4\" _module_preset=\"default\" header_font=\"Sacramento||||||||\" header_text_color=\"gcid-primary-color\" header_font_size=\"32px\" hover_enabled=\"0\" global_colors_info=\"{%22gcid-primary-color%22:%91%22header_text_color%22%93}\" sticky_enabled=\"0\" width=\"100%\" header_text_align=\"left\"]<h1>\u00a018.03.2025<\/h1>\n<p>&nbsp;<\/p>[\/et_pb_text][\/et_pb_column][et_pb_column type=\"2_3\" _builder_version=\"4.16\" _module_preset=\"default\" global_colors_info=\"{}\"][et_pb_text _builder_version=\"4.27.4\" _module_preset=\"default\" hover_enabled=\"0\" global_colors_info=\"{}\" header_font=\"Sacramento||||||||\" header_font_size=\"36px\" sticky_enabled=\"0\"]<h1><span style=\"color: #b50067;\">Inbetriebnahme der Kategorie\u00a0 \"Neuigkeiten\"<\/span><\/h1>\n<p>Ich freue mich, Euch ab sofort \u00fcber unsere Neuigkeiten-Kategorie \u00fcber aktuell anliegende Themen zu informieren. Schaut regelm\u00e4\u00dfig vorbei.<\/p>\n<p>Eure Jessica Wolf<\/p>\n<p>&nbsp;<\/p>[\/et_pb_text][\/et_pb_column][\/et_pb_row][\/et_pb_section][et_pb_section fb_built=\"1\" _builder_version=\"4.16\" _module_preset=\"default\" custom_padding=\"0px||6px|||\" global_colors_info=\"{}\"][et_pb_row _builder_version=\"4.16\" _module_preset=\"default\" custom_padding=\"3px|||||\" global_colors_info=\"{}\"][et_pb_column type=\"4_4\" _builder_version=\"4.16\" _module_preset=\"default\" global_colors_info=\"{}\"][et_pb_divider divider_style=\"dashed\" _builder_version=\"4.16\" _module_preset=\"default\" global_colors_info=\"{}\"][\/et_pb_divider][\/et_pb_column][\/et_pb_row][\/et_pb_section]","_et_gb_content_width":"","footnotes":""},"class_list":["post-648","page","type-page","status-publish","hentry"],"_links":{"self":[{"href":"https:\/\/hebamme-jessica-wolf.de\/wordpress\/wp-json\/wp\/v2\/pages\/648","targetHints":{"allow":["GET"]}}],"collection":[{"href":"https:\/\/hebamme-jessica-wolf.de\/wordpress\/wp-json\/wp\/v2\/pages"}],"about":[{"href":"https:\/\/hebamme-jessica-wolf.de\/wordpress\/wp-json\/wp\/v2\/types\/page"}],"author":[{"embeddable":true,"href":"https:\/\/hebamme-jessica-wolf.de\/wordpress\/wp-json\/wp\/v2\/users\/1"}],"replies":[{"embeddable":true,"href":"https:\/\/hebamme-jessica-wolf.de\/wordpress\/wp-json\/wp\/v2\/comments?post=648"}],"version-history":[{"count":10,"href":"https:\/\/hebamme-jessica-wolf.de\/wordpress\/wp-json\/wp\/v2\/pages\/648\/revisions"}],"predecessor-version":[{"id":794,"href":"https:\/\/hebamme-jessica-wolf.de\/wordpress\/wp-json\/wp\/v2\/pages\/648\/revisions\/794"}],"wp:attachment":[{"href":"https:\/\/hebamme-jessica-wolf.de\/wordpress\/wp-json\/wp\/v2\/media?parent=648"}],"curies":[{"name":"wp","href":"https:\/\/api.w.org\/{rel}","templated":true}]}}