{"id":156,"date":"2022-02-02T21:06:59","date_gmt":"2022-02-02T20:06:59","guid":{"rendered":"https:\/\/hebamme-jessica-wolf.de\/wordpress\/?page_id=156"},"modified":"2025-03-22T22:29:03","modified_gmt":"2025-03-22T21:29:03","slug":"ueber-mich","status":"publish","type":"page","link":"https:\/\/hebamme-jessica-wolf.de\/wordpress\/ueber-mich\/","title":{"rendered":"\u00dcber mich"},"content":{"rendered":"<p>[et_pb_section fb_built=&#8220;1&#8243; _builder_version=&#8220;4.16&#8243; _module_preset=&#8220;default&#8220; custom_padding=&#8220;2px||25px|||&#8220; global_colors_info=&#8220;{}&#8220;][et_pb_row _builder_version=&#8220;4.16&#8243; _module_preset=&#8220;default&#8220; custom_margin=&#8220;|auto|-38px|auto||&#8220; custom_padding=&#8220;||2px|||&#8220; global_colors_info=&#8220;{}&#8220;][et_pb_column type=&#8220;4_4&#8243; _builder_version=&#8220;4.16&#8243; _module_preset=&#8220;default&#8220; global_colors_info=&#8220;{}&#8220;][et_pb_divider divider_style=&#8220;dashed&#8220; _builder_version=&#8220;4.16&#8243; _module_preset=&#8220;default&#8220; border_color_all=&#8220;#B50067&#8243; global_colors_info=&#8220;{}&#8220;][\/et_pb_divider][\/et_pb_column][\/et_pb_row][et_pb_row _builder_version=&#8220;4.16&#8243; _module_preset=&#8220;default&#8220; global_colors_info=&#8220;{}&#8220;][et_pb_column type=&#8220;4_4&#8243; _builder_version=&#8220;4.16&#8243; _module_preset=&#8220;default&#8220; global_colors_info=&#8220;{}&#8220;][et_pb_text _builder_version=&#8220;4.16&#8243; _module_preset=&#8220;default&#8220; header_font=&#8220;Sacramento||||||||&#8220; header_text_align=&#8220;center&#8220; header_text_color=&#8220;#b50067&#8243; header_font_size=&#8220;48px&#8220; animation_style=&#8220;fade&#8220; global_colors_info=&#8220;{}&#8220;]<\/p>\n<h1><\/h1>\n<h1>\u00dcber mich<\/h1>\n<p>[\/et_pb_text][\/et_pb_column][\/et_pb_row][\/et_pb_section][et_pb_section fb_built=&#8220;1&#8243; _builder_version=&#8220;4.16&#8243; _module_preset=&#8220;default&#8220; custom_padding=&#8220;0px||25px|||&#8220; global_colors_info=&#8220;{}&#8220;][et_pb_row column_structure=&#8220;2_5,3_5&#8243; _builder_version=&#8220;4.16&#8243; _module_preset=&#8220;default&#8220; custom_padding=&#8220;||8px|||&#8220; global_colors_info=&#8220;{}&#8220;][et_pb_column type=&#8220;2_5&#8243; _builder_version=&#8220;4.16&#8243; _module_preset=&#8220;default&#8220; global_colors_info=&#8220;{}&#8220;][et_pb_image src=&#8220;https:\/\/hebamme-jessica-wolf.de\/wp-content\/uploads\/2025\/01\/IMG_5635.jpeg&#8220; title_text=&#8220;IMG_5635&#8243; _builder_version=&#8220;4.19.5&#8243; _module_preset=&#8220;default&#8220; global_colors_info=&#8220;{}&#8220;][\/et_pb_image][\/et_pb_column][et_pb_column type=&#8220;3_5&#8243; _builder_version=&#8220;4.16&#8243; _module_preset=&#8220;default&#8220; global_colors_info=&#8220;{}&#8220;][et_pb_text _builder_version=&#8220;4.16&#8243; _module_preset=&#8220;default&#8220; text_font=&#8220;||||||||&#8220; header_font=&#8220;Sacramento||||||||&#8220; header_text_color=&#8220;#b50067&#8243; header_font_size=&#8220;39px&#8220; custom_margin=&#8220;|||-1px||&#8220; global_colors_info=&#8220;{}&#8220;]<\/p>\n<p>&nbsp;<\/p>\n<p>&nbsp;<\/p>\n<p>&nbsp;<\/p>\n<p>&nbsp;<\/p>\n<p>Ich bin Jessica Wolf, examinierte Hebamme, die meisten nennen mich einfach kurz Jessi. Ich bin Anfang 40, selbst Mutter von 2 T\u00f6chtern und 4 S\u00f6hnen und wei\u00df sehr genau, wie wichtig eine vertrauensvolle, fachliche und informative Betreuung rund um Schwangerschaft, Geburt, Wochenbett und Stillzeit ist.<\/p>\n<p>Ich begleite dich und deine Familie w\u00e4hrend der Schwangerschaft, im Wochenbett und in der Stillzeit gerne.<\/p>\n<p>&nbsp;<\/p>\n<h1>Meine Philosophie<\/h1>\n<p>Ich m\u00f6chte Frauen dazu verhelfen, dass Sie informiert und mit einem guten K\u00f6rpergef\u00fchl an die Schwangerschaft, Geburt und die Zeit im Wochenbett und in der Stillzeit herangehen k\u00f6nnen.<\/p>\n<p>Alle Frauen sollen die gleichen M\u00f6glichkeiten rund um die Themen Schwangerschaft, Geburt, Wochenbett und Stillzeit haben, um f\u00fcr sich selbst und ihr Kind selbstbestimmte und informierte Entscheidungen treffen zu k\u00f6nnen.<\/p>\n<h1><\/h1>\n<p>&nbsp;<\/p>\n<p>[\/et_pb_text][\/et_pb_column][\/et_pb_row][et_pb_row _builder_version=&#8220;4.16&#8243; _module_preset=&#8220;default&#8220; custom_padding=&#8220;14px||14px|||&#8220; global_colors_info=&#8220;{}&#8220;][et_pb_column type=&#8220;4_4&#8243; _builder_version=&#8220;4.16&#8243; _module_preset=&#8220;default&#8220; global_colors_info=&#8220;{}&#8220;][et_pb_divider divider_style=&#8220;dashed&#8220; _builder_version=&#8220;4.16&#8243; _module_preset=&#8220;default&#8220; global_colors_info=&#8220;{}&#8220;][\/et_pb_divider][\/et_pb_column][\/et_pb_row][et_pb_row column_structure=&#8220;3_5,2_5&#8243; _builder_version=&#8220;4.16&#8243; _module_preset=&#8220;default&#8220; custom_margin=&#8220;-19px|auto|-17px|auto||&#8220; global_colors_info=&#8220;{}&#8220;][et_pb_column type=&#8220;3_5&#8243; _builder_version=&#8220;4.16&#8243; _module_preset=&#8220;default&#8220; global_colors_info=&#8220;{}&#8220;][et_pb_text _builder_version=&#8220;4.16&#8243; _module_preset=&#8220;default&#8220; header_font=&#8220;Sacramento||||||||&#8220; header_text_color=&#8220;#b70400&#8243; header_font_size=&#8220;39px&#8220; hover_enabled=&#8220;0&#8243; global_colors_info=&#8220;{}&#8220; sticky_enabled=&#8220;0&#8243;]<\/p>\n<h1><span style=\"color: #b50067;\"><\/span><\/h1>\n<h1><span style=\"color: #b50067;\"><\/span><\/h1>\n<h1><span style=\"color: #b50067;\"><\/span><\/h1>\n<h1><span style=\"color: #b50067;\"><\/span><\/h1>\n<h1><span style=\"color: #b50067;\"><\/span><\/h1>\n<h1><span style=\"color: #b50067;\"><\/span><\/h1>\n<h1><span style=\"color: #b50067;\"><\/span><\/h1>\n<h1><span style=\"color: #b50067;\"><\/span><\/h1>\n<h1><span style=\"color: #b50067;\"><\/span><\/h1>\n<h1><span style=\"color: #b50067; font-size: 39px;\">Meine Ausbildung<\/span><br \/><span style=\"color: #b50067;\"><\/span><\/h1>\n<h1><span style=\"color: #b50067;\"><\/span><\/h1>\n<h1><span style=\"color: #b50067;\"><\/span><\/h1>\n<p>Meine Ausbildung absolvierte ich von 2018 &#8211; 2021 an der Carl-Remigius-Medical-School in Frankfurt am Main und im Krankenhaus Frankfurt \/ Sachsenhausen und in der Universit\u00e4tsklinik Frankfurt am Main.<\/p>\n<p>&nbsp;<\/p>\n<p>&nbsp;<\/p>\n<p>&nbsp;<\/p>\n<p>&nbsp;<\/p>\n<p>&nbsp;<\/p>\n<p>&nbsp;<\/p>\n<p>&nbsp;<\/p>\n<p>&nbsp;<\/p>\n<h1><span style=\"color: #b50067;\">Fort- und Weiterbildungen<\/span><\/h1>\n<p>Du kannst meine diesj\u00e4hrigen Fortbildungstage, sowie alle abgeschlossenen Fort- und Weiterbildungen unter der Rubrik Neuigkeiten einsehen.\u00a0<\/p>\n<p>&nbsp;<\/p>\n<p>&nbsp;<\/p>\n<p>[\/et_pb_text][\/et_pb_column][et_pb_column type=&#8220;2_5&#8243; _builder_version=&#8220;4.16&#8243; _module_preset=&#8220;default&#8220; global_colors_info=&#8220;{}&#8220;][et_pb_image src=&#8220;https:\/\/hebamme-jessica-wolf.de\/wp-content\/uploads\/2025\/01\/IMG_0836-scaled.jpeg&#8220; title_text=&#8220;IMG_0836&#8243; _builder_version=&#8220;4.19.5&#8243; _module_preset=&#8220;default&#8220; global_colors_info=&#8220;{}&#8220;][\/et_pb_image][\/et_pb_column][\/et_pb_row][\/et_pb_section][et_pb_section fb_built=&#8220;1&#8243; _builder_version=&#8220;4.16&#8243; _module_preset=&#8220;default&#8220; custom_padding=&#8220;0px||6px|||&#8220; global_colors_info=&#8220;{}&#8220;][et_pb_row _builder_version=&#8220;4.16&#8243; _module_preset=&#8220;default&#8220; custom_padding=&#8220;3px|||||&#8220; global_colors_info=&#8220;{}&#8220;][et_pb_column type=&#8220;4_4&#8243; _builder_version=&#8220;4.16&#8243; _module_preset=&#8220;default&#8220; global_colors_info=&#8220;{}&#8220;][et_pb_divider divider_style=&#8220;dashed&#8220; _builder_version=&#8220;4.16&#8243; _module_preset=&#8220;default&#8220; global_colors_info=&#8220;{}&#8220;][\/et_pb_divider][\/et_pb_column][\/et_pb_row][\/et_pb_section]<\/p>\n","protected":false},"excerpt":{"rendered":"<p>\u00dcber mich&nbsp; &nbsp; &nbsp; &nbsp; Ich bin Jessica Wolf, examinierte Hebamme, die meisten nennen mich einfach kurz Jessi. Ich bin Anfang 40, selbst Mutter von 2 T\u00f6chtern und 4 S\u00f6hnen und wei\u00df sehr genau, wie wichtig eine vertrauensvolle, fachliche und informative Betreuung rund um Schwangerschaft, Geburt, Wochenbett und Stillzeit ist. Ich begleite dich und deine [&hellip;]<\/p>\n","protected":false},"author":1,"featured_media":0,"parent":0,"menu_order":0,"comment_status":"closed","ping_status":"closed","template":"","meta":{"_et_pb_use_builder":"on","_et_pb_old_content":"","_et_gb_content_width":"","footnotes":""},"class_list":["post-156","page","type-page","status-publish","hentry"],"_links":{"self":[{"href":"https:\/\/hebamme-jessica-wolf.de\/wordpress\/wp-json\/wp\/v2\/pages\/156","targetHints":{"allow":["GET"]}}],"collection":[{"href":"https:\/\/hebamme-jessica-wolf.de\/wordpress\/wp-json\/wp\/v2\/pages"}],"about":[{"href":"https:\/\/hebamme-jessica-wolf.de\/wordpress\/wp-json\/wp\/v2\/types\/page"}],"author":[{"embeddable":true,"href":"https:\/\/hebamme-jessica-wolf.de\/wordpress\/wp-json\/wp\/v2\/users\/1"}],"replies":[{"embeddable":true,"href":"https:\/\/hebamme-jessica-wolf.de\/wordpress\/wp-json\/wp\/v2\/comments?post=156"}],"version-history":[{"count":29,"href":"https:\/\/hebamme-jessica-wolf.de\/wordpress\/wp-json\/wp\/v2\/pages\/156\/revisions"}],"predecessor-version":[{"id":762,"href":"https:\/\/hebamme-jessica-wolf.de\/wordpress\/wp-json\/wp\/v2\/pages\/156\/revisions\/762"}],"wp:attachment":[{"href":"https:\/\/hebamme-jessica-wolf.de\/wordpress\/wp-json\/wp\/v2\/media?parent=156"}],"curies":[{"name":"wp","href":"https:\/\/api.w.org\/{rel}","templated":true}]}}